{"id":25347,"date":"2025-06-03T09:01:16","date_gmt":"2025-06-03T13:01:16","guid":{"rendered":"https:\/\/climatisationpolaire.ca\/?post_type=product&#038;p=25347"},"modified":"2026-03-04T12:56:03","modified_gmt":"2026-03-04T16:56:03","slug":"moovair-serie-meridian","status":"publish","type":"product","link":"https:\/\/climatisationpolaire.ca\/en\/product\/moovair-serie-meridian\/","title":{"rendered":"MOOVAIR\u2122 Meridian"},"content":{"rendered":"<h5><strong>MOOVAIR, Meilleure marque de thermopompe selon la r\u00e9cente \u00e9tude du Prot\u00e9gez-vous !<\/strong><\/h5>\n<p class=\"p1\">Meridian est la solution pour les personnes qui veulent un bon rendement, mais une option accessible. Con\u00e7ue pour les propri\u00e9taires qui cherchent la fiabilit\u00e9 et l\u2019efficacit\u00e9, la gamme Meridian offre du confort toute l\u2019ann\u00e9e gr\u00e2ce \u00e0 des commandes intelligentes et \u00e0 des capacit\u00e9s de chauffage sup\u00e9rieures. Elle est con\u00e7ue pour ceux qui exigent un bon prix sans compromis.<\/p>\n<p><strong>Financement disponible. Ne payez aucun int\u00e9r\u00eat pendant 3 mois. Faites une demande en ligne d\u00e8s maintenant en <a href=\"https:\/\/www.financeit.ca\/s\/EQ5UlQ\">cliquant ici<\/a> ! <\/strong><strong>Promotion valide jusqu\u2019au 31 mars 2026.<\/strong><\/p>\n<p><em>Obtenez jusqu&#8217;\u00e0 2520$ d&#8217;aide financi\u00e8re avec le programme de subvention d&#8217;Hydro-Qu\u00e9bec.<\/em><\/p>\n<p><em>De plus, obtenez un financement sans int\u00e9r\u00eat pendant 3 mois. Promotion valide jusqu&#8217;au 31 d\u00e9cembre 2025.<\/em><\/p>\n<ul>\n<li>Jusqu\u2019\u00e0 27.4 SEER2<\/li>\n<li>Jusqu&#8217;\u00e0 3.76 COP2<\/li>\n<li>Nouveau r\u00e9frigerant R-454B<\/li>\n<li>Wi-Fi et application mobile<\/li>\n<li>Technologie HEAT+<\/li>\n<li>Chauffage fiable jusqu\u2019\u00e0 -30 \u00b0C<\/li>\n<li>100% de la capacit\u00e9 nominale \u00e0 -15\u00b0C<\/li>\n<li>Homologu\u00e9 EnergyStar Cold Climate<\/li>\n<li>Compresseur \u00e0 vitesse variable (inverter)<\/li>\n<li>Garantie limit\u00e9e de 10 ans sur les pi\u00e8ces<\/li>\n<\/ul>\n<p>&nbsp;<\/p>\n<p>Capacit\u00e9 nominale de 6000, 9000, 12000, 15000, 18000 et 24000 BTU.<\/p>\n","protected":false},"excerpt":{"rendered":"<p>MOOVAIR, Meilleure marque de thermopompe selon la r\u00e9cente \u00e9tude du Prot\u00e9gez-vous ! Meridian est la solution pour les personnes qui veulent un bon rendement, mais une option accessible. Con\u00e7ue pour les propri\u00e9taires qui cherchent la fiabilit\u00e9 et l\u2019efficacit\u00e9, la gamme Meridian offre du confort toute l\u2019ann\u00e9e gr\u00e2ce \u00e0 des commandes intelligentes et \u00e0 des capacit\u00e9s [&hellip;]<\/p>\n","protected":false},"featured_media":32205,"template":"","meta":{"_seopress_robots_primary_cat":"none","_seopress_titles_title":"MOOVAIR\u2122 Meridian : Meilleure thermopompe 2025","_seopress_titles_desc":"MOOVAIR\u2122 Meridian proposent un rapport qualit\u00e9-prix in\u00e9gal\u00e9 ainsi qu\u2019un fonctionnement ultra-silencieux.","_seopress_robots_index":""},"product_brand":[59],"product_cat":[62,27],"product_tag":[],"class_list":{"0":"post-25347","1":"product","2":"type-product","3":"status-publish","4":"has-post-thumbnail","6":"product_brand-moovair","7":"product_cat-moovair","8":"product_cat-thermopompe-murale","10":"first","11":"instock","12":"product-type-simple"},"_wp_attached_file":null,"_wp_attachment_metadata":null,"wpml_media_processed":null,"_wpml_media_usage":null,"_elementor_inline_svg":null,"_wp_attachment_image_alt":null,"_elementor_source_image_hash":null,"_elementor_location":null,"_elementor_priority":null,"_elementor_code":null,"_elementor_extra_options":null,"_description":null,"required-knowledge-skills-and-abilities":null,"education--experience":null,"emploi-description":null,"emploi-connaissances-competences-et-capacites-requises":null,"emploi-education-experience":null,"_listing_data":null,"_listing_type":null,"_filter_label":null,"_active_label":null,"_filter_type":null,"_date_source":null,"_is_hierarchical":null,"_ih_source_map":null,"_data_source":null,"_rating_options":null,"_rating_compare_operand":null,"_source_taxonomy":null,"_terms_relational_operator":null,"_source_post_type":null,"_glossary_id":null,"_glossary_notice":null,"_add_all_option":null,"_all_option_label":null,"_ability_deselect_radio":null,"_show_empty_terms":null,"_only_child":null,"_group_by_parent":null,"_source_custom_field":null,"_source_get_from_field_data":null,"_custom_field_source_plugin":null,"_source_manual_input":null,"_color_image_type":null,"_color_image_behavior":null,"_source_color_image_input":null,"_source_manual_input_range":null,"_placeholder":null,"_s_placeholder":null,"_is_custom_checkbox":null,"_s_by":null,"_date_format":null,"_date_from_placeholder":null,"_date_to_placeholder":null,"_date_period_type":null,"_date_period_datepicker_button_text":null,"_date_period_start_end_enabled":null,"_date_period_format":null,"_date_period_start_format":null,"_date_period_separator":null,"_date_period_end_format":null,"_range_inputs_enabled":null,"_values_prefix":null,"_values_suffix":null,"_values_thousand_sep":null,"_values_decimal_sep":null,"_values_decimal_num":null,"_source_min":null,"_source_max":null,"_source_step":null,"_source_callback":null,"_use_exclude_include":null,"_data_exclude_include":null,"_alphabet_behavior":null,"_alphabet_radio_deselect":null,"_alphabet_options":null,"_query_var":null,"_query_compare":null,"license":null,"_menu_item_type":null,"_menu_item_menu_item_parent":null,"_menu_item_object_id":null,"_menu_item_object":null,"_menu_item_target":null,"_menu_item_classes":null,"_menu_item_xfn":null,"_menu_item_url":null,"_wp_old_date":null,"_yoast_wpseo_metadesc":null,"_seopress_robots_index":null,"_seopress_robots_follow":null,"_seopress_pro_schemas_manual":null,"_oembed_7befe71c04536851b6485e7b012d3f0d":null,"_oembed_time_7befe71c04536851b6485e7b012d3f0d":null,"_seopress_social_fb_title":null,"_seopress_social_fb_desc":null,"_seopress_social_twitter_title":null,"_seopress_social_twitter_desc":null,"_wc_review_count":"0","_wc_rating_count":"","_wc_average_rating":0,"total_sales":"0","_sku":"4aecfbe5d21e-1-2-1","_tax_status":"none","_tax_class":"","_manage_stock":"no","_backorders":"no","_sold_individually":"no","_virtual":"no","_downloadable":"no","_download_limit":"-1","_download_expiry":"-1","_stock":"","_stock_status":"instock","_product_version":"10.5.3","product-brochure-pdf":"https:\/\/climatisationpolaire.ca\/wp-content\/uploads\/2025\/06\/Brochure-Moovair_Serie-M.pdf","sp_wc_barcode_type_field":"none","sp_wc_barcode_field":"","_wcml_average_rating":"","_wcml_review_count":"","_wcml_rating_count":"","_product_image_gallery":"32220","wcml_sync_hash":null,"attr_label_translations":null,"_product_attributes":null,"_default_attributes":null,"_upsell_ids":null,"_crosssell_ids":null,"_children":null,"_elementor_screenshot":null,"_seopress_pro_rich_snippets_rules":null,"_seopress_pro_rich_snippets_type":null,"_seopress_pro_rich_snippets_article_type":null,"_seopress_pro_rich_snippets_article_title_cf":null,"_seopress_pro_rich_snippets_article_title_tax":null,"_seopress_pro_rich_snippets_article_desc_cf":null,"_seopress_pro_rich_snippets_article_desc_tax":null,"_seopress_pro_rich_snippets_article_author_cf":null,"_seopress_pro_rich_snippets_article_author_tax":null,"_seopress_pro_rich_snippets_article_img_cf":null,"_seopress_pro_rich_snippets_article_img_tax":null,"_seopress_pro_rich_snippets_article_coverage_start_date_cf":null,"_seopress_pro_rich_snippets_article_coverage_start_date_tax":null,"_seopress_pro_rich_snippets_article_coverage_start_time_cf":null,"_seopress_pro_rich_snippets_article_coverage_start_time_tax":null,"_seopress_pro_rich_snippets_article_coverage_end_date_cf":null,"_seopress_pro_rich_snippets_article_coverage_end_date_tax":null,"_seopress_pro_rich_snippets_article_coverage_end_time_cf":null,"_seopress_pro_rich_snippets_article_coverage_end_time_tax":null,"_seopress_pro_rich_snippets_article_speakable_cf":null,"_seopress_pro_rich_snippets_article_speakable_tax":null,"_seopress_pro_rich_snippets_lb_name_cf":null,"_seopress_pro_rich_snippets_lb_name_tax":null,"_seopress_pro_rich_snippets_lb_type_cf":null,"_seopress_pro_rich_snippets_lb_type_tax":null,"_seopress_pro_rich_snippets_lb_type_lb":null,"_seopress_pro_rich_snippets_lb_img_cf":null,"_seopress_pro_rich_snippets_lb_img_tax":null,"_seopress_pro_rich_snippets_lb_street_addr_cf":null,"_seopress_pro_rich_snippets_lb_street_addr_tax":null,"_seopress_pro_rich_snippets_lb_city_cf":null,"_seopress_pro_rich_snippets_lb_city_tax":null,"_seopress_pro_rich_snippets_lb_state_cf":null,"_seopress_pro_rich_snippets_lb_state_tax":null,"_seopress_pro_rich_snippets_lb_pc_cf":null,"_seopress_pro_rich_snippets_lb_pc_tax":null,"_seopress_pro_rich_snippets_lb_country_cf":null,"_seopress_pro_rich_snippets_lb_country_tax":null,"_seopress_pro_rich_snippets_lb_lat_cf":null,"_seopress_pro_rich_snippets_lb_lat_tax":null,"_seopress_pro_rich_snippets_lb_lon_cf":null,"_seopress_pro_rich_snippets_lb_lon_tax":null,"_seopress_pro_rich_snippets_lb_website_cf":null,"_seopress_pro_rich_snippets_lb_website_tax":null,"_seopress_pro_rich_snippets_lb_tel_cf":null,"_seopress_pro_rich_snippets_lb_tel_tax":null,"_seopress_pro_rich_snippets_lb_price_cf":null,"_seopress_pro_rich_snippets_lb_price_tax":null,"_seopress_pro_rich_snippets_lb_serves_cuisine_cf":null,"_seopress_pro_rich_snippets_lb_serves_cuisine_tax":null,"_seopress_pro_rich_snippets_lb_menu_cf":null,"_seopress_pro_rich_snippets_lb_menu_tax":null,"_seopress_pro_rich_snippets_lb_accepts_reservations_cf":null,"_seopress_pro_rich_snippets_lb_accepts_reservations_tax":null,"_seopress_pro_rich_snippets_lb_opening_hours":null,"_seopress_pro_rich_snippets_faq_q_cf":null,"_seopress_pro_rich_snippets_faq_q_tax":null,"_seopress_pro_rich_snippets_faq_a_cf":null,"_seopress_pro_rich_snippets_faq_a_tax":null,"_seopress_pro_rich_snippets_courses_title_cf":null,"_seopress_pro_rich_snippets_courses_title_tax":null,"_seopress_pro_rich_snippets_courses_desc_cf":null,"_seopress_pro_rich_snippets_courses_desc_tax":null,"_seopress_pro_rich_snippets_courses_school_cf":null,"_seopress_pro_rich_snippets_courses_school_tax":null,"_seopress_pro_rich_snippets_courses_website_cf":null,"_seopress_pro_rich_snippets_courses_website_tax":null,"_seopress_pro_rich_snippets_recipes_name_cf":null,"_seopress_pro_rich_snippets_recipes_name_tax":null,"_seopress_pro_rich_snippets_recipes_desc_cf":null,"_seopress_pro_rich_snippets_recipes_desc_tax":null,"_seopress_pro_rich_snippets_recipes_cat_cf":null,"_seopress_pro_rich_snippets_recipes_cat_tax":null,"_seopress_pro_rich_snippets_recipes_img_cf":null,"_seopress_pro_rich_snippets_recipes_img_tax":null,"_seopress_pro_rich_snippets_recipes_video_cf":null,"_seopress_pro_rich_snippets_recipes_video_tax":null,"_seopress_pro_rich_snippets_recipes_prep_time_cf":null,"_seopress_pro_rich_snippets_recipes_prep_time_tax":null,"_seopress_pro_rich_snippets_recipes_cook_time_cf":null,"_seopress_pro_rich_snippets_recipes_cook_time_tax":null,"_seopress_pro_rich_snippets_recipes_calories_cf":null,"_seopress_pro_rich_snippets_recipes_calories_tax":null,"_seopress_pro_rich_snippets_recipes_yield_cf":null,"_seopress_pro_rich_snippets_recipes_yield_tax":null,"_seopress_pro_rich_snippets_recipes_keywords_cf":null,"_seopress_pro_rich_snippets_recipes_keywords_tax":null,"_seopress_pro_rich_snippets_recipes_cuisine_cf":null,"_seopress_pro_rich_snippets_recipes_cuisine_tax":null,"_seopress_pro_rich_snippets_recipes_ingredient_cf":null,"_seopress_pro_rich_snippets_recipes_ingredient_tax":null,"_seopress_pro_rich_snippets_recipes_instructions_cf":null,"_seopress_pro_rich_snippets_recipes_instructions_tax":null,"_seopress_pro_rich_snippets_jobs_name_cf":null,"_seopress_pro_rich_snippets_jobs_name_tax":null,"_seopress_pro_rich_snippets_jobs_desc_cf":null,"_seopress_pro_rich_snippets_jobs_desc_tax":null,"_seopress_pro_rich_snippets_jobs_date_posted_cf":null,"_seopress_pro_rich_snippets_jobs_date_posted_tax":null,"_seopress_pro_rich_snippets_jobs_valid_through_cf":null,"_seopress_pro_rich_snippets_jobs_valid_through_tax":null,"_seopress_pro_rich_snippets_jobs_employment_type_cf":null,"_seopress_pro_rich_snippets_jobs_employment_type_tax":null,"_seopress_pro_rich_snippets_jobs_identifier_name_cf":null,"_seopress_pro_rich_snippets_jobs_identifier_name_tax":null,"_seopress_pro_rich_snippets_jobs_identifier_value_cf":null,"_seopress_pro_rich_snippets_jobs_identifier_value_tax":null,"_seopress_pro_rich_snippets_jobs_hiring_organization_cf":null,"_seopress_pro_rich_snippets_jobs_hiring_organization_tax":null,"_seopress_pro_rich_snippets_jobs_hiring_same_as_cf":null,"_seopress_pro_rich_snippets_jobs_hiring_same_as_tax":null,"_seopress_pro_rich_snippets_jobs_hiring_logo_cf":null,"_seopress_pro_rich_snippets_jobs_hiring_logo_tax":null,"_seopress_pro_rich_snippets_jobs_address_street_cf":null,"_seopress_pro_rich_snippets_jobs_address_street_tax":null,"_seopress_pro_rich_snippets_jobs_address_locality_cf":null,"_seopress_pro_rich_snippets_jobs_address_locality_tax":null,"_seopress_pro_rich_snippets_jobs_address_region_cf":null,"_seopress_pro_rich_snippets_jobs_address_region_tax":null,"_seopress_pro_rich_snippets_jobs_postal_code_cf":null,"_seopress_pro_rich_snippets_jobs_postal_code_tax":null,"_seopress_pro_rich_snippets_jobs_country_cf":null,"_seopress_pro_rich_snippets_jobs_country_tax":null,"_seopress_pro_rich_snippets_jobs_remote_cf":null,"_seopress_pro_rich_snippets_jobs_remote_tax":null,"_seopress_pro_rich_snippets_jobs_direct_apply_cf":null,"_seopress_pro_rich_snippets_jobs_direct_apply_tax":null,"_seopress_pro_rich_snippets_jobs_salary_cf":null,"_seopress_pro_rich_snippets_jobs_salary_tax":null,"_seopress_pro_rich_snippets_jobs_salary_currency_cf":null,"_seopress_pro_rich_snippets_jobs_salary_currency_tax":null,"_seopress_pro_rich_snippets_jobs_salary_unit_cf":null,"_seopress_pro_rich_snippets_jobs_salary_unit_tax":null,"_seopress_pro_rich_snippets_jobs_location_requirement_cf":null,"_seopress_pro_rich_snippets_jobs_location_requirement_tax":null,"_seopress_pro_rich_snippets_videos_name_cf":null,"_seopress_pro_rich_snippets_videos_name_tax":null,"_seopress_pro_rich_snippets_videos_description_cf":null,"_seopress_pro_rich_snippets_videos_description_tax":null,"_seopress_pro_rich_snippets_videos_date_posted_cf":null,"_seopress_pro_rich_snippets_videos_date_posted_tax":null,"_seopress_pro_rich_snippets_videos_img_cf":null,"_seopress_pro_rich_snippets_videos_img_tax":null,"_seopress_pro_rich_snippets_videos_duration_cf":null,"_seopress_pro_rich_snippets_videos_duration_tax":null,"_seopress_pro_rich_snippets_videos_url_cf":null,"_seopress_pro_rich_snippets_videos_url_tax":null,"_seopress_pro_rich_snippets_events_type_cf":null,"_seopress_pro_rich_snippets_events_type_tax":null,"_seopress_pro_rich_snippets_events_name_cf":null,"_seopress_pro_rich_snippets_events_name_tax":null,"_seopress_pro_rich_snippets_events_desc_cf":null,"_seopress_pro_rich_snippets_events_desc_tax":null,"_seopress_pro_rich_snippets_events_img_cf":null,"_seopress_pro_rich_snippets_events_img_tax":null,"_seopress_pro_rich_snippets_events_start_date_cf":null,"_seopress_pro_rich_snippets_events_start_date_tax":null,"_seopress_pro_rich_snippets_events_start_date_timezone_cf":null,"_seopress_pro_rich_snippets_events_start_date_timezone_tax":null,"_seopress_pro_rich_snippets_events_start_time_cf":null,"_seopress_pro_rich_snippets_events_start_time_tax":null,"_seopress_pro_rich_snippets_events_end_date_cf":null,"_seopress_pro_rich_snippets_events_end_date_tax":null,"_seopress_pro_rich_snippets_events_end_time_cf":null,"_seopress_pro_rich_snippets_events_end_time_tax":null,"_seopress_pro_rich_snippets_events_previous_start_date_cf":null,"_seopress_pro_rich_snippets_events_previous_start_date_tax":null,"_seopress_pro_rich_snippets_events_previous_start_time_cf":null,"_seopress_pro_rich_snippets_events_previous_start_time_tax":null,"_seopress_pro_rich_snippets_events_location_name_cf":null,"_seopress_pro_rich_snippets_events_location_name_tax":null,"_seopress_pro_rich_snippets_events_location_url_cf":null,"_seopress_pro_rich_snippets_events_location_url_tax":null,"_seopress_pro_rich_snippets_events_location_address_cf":null,"_seopress_pro_rich_snippets_events_location_address_tax":null,"_seopress_pro_rich_snippets_events_offers_name_cf":null,"_seopress_pro_rich_snippets_events_offers_name_tax":null,"_seopress_pro_rich_snippets_events_offers_cat_cf":null,"_seopress_pro_rich_snippets_events_offers_cat_tax":null,"_seopress_pro_rich_snippets_events_offers_price_cf":null,"_seopress_pro_rich_snippets_events_offers_price_tax":null,"_seopress_pro_rich_snippets_events_offers_price_currency_cf":null,"_seopress_pro_rich_snippets_events_offers_price_currency_tax":null,"_seopress_pro_rich_snippets_events_offers_availability_cf":null,"_seopress_pro_rich_snippets_events_offers_availability_tax":null,"_seopress_pro_rich_snippets_events_offers_valid_from_date_cf":null,"_seopress_pro_rich_snippets_events_offers_valid_from_date_tax":null,"_seopress_pro_rich_snippets_events_offers_valid_from_time_cf":null,"_seopress_pro_rich_snippets_events_offers_valid_from_time_tax":null,"_seopress_pro_rich_snippets_events_offers_url_cf":null,"_seopress_pro_rich_snippets_events_offers_url_tax":null,"_seopress_pro_rich_snippets_events_performer_cf":null,"_seopress_pro_rich_snippets_events_performer_tax":null,"_seopress_pro_rich_snippets_events_organizer_name_cf":null,"_seopress_pro_rich_snippets_events_organizer_name_tax":null,"_seopress_pro_rich_snippets_events_organizer_url_cf":null,"_seopress_pro_rich_snippets_events_organizer_url_tax":null,"_seopress_pro_rich_snippets_events_status_cf":null,"_seopress_pro_rich_snippets_events_status_tax":null,"_seopress_pro_rich_snippets_events_attendance_mode_cf":null,"_seopress_pro_rich_snippets_events_attendance_mode_tax":null,"_seopress_pro_rich_snippets_product_name":null,"_seopress_pro_rich_snippets_product_name_cf":null,"_seopress_pro_rich_snippets_product_name_tax":null,"_seopress_pro_rich_snippets_product_description":null,"_seopress_pro_rich_snippets_product_description_cf":null,"_seopress_pro_rich_snippets_product_description_tax":null,"_seopress_pro_rich_snippets_product_img":null,"_seopress_pro_rich_snippets_product_img_cf":null,"_seopress_pro_rich_snippets_product_img_tax":null,"_seopress_pro_rich_snippets_product_price":null,"_seopress_pro_rich_snippets_product_price_cf":null,"_seopress_pro_rich_snippets_product_price_tax":null,"_seopress_pro_rich_snippets_product_price_valid_date":null,"_seopress_pro_rich_snippets_product_price_valid_date_cf":null,"_seopress_pro_rich_snippets_product_price_valid_date_tax":null,"_seopress_pro_rich_snippets_product_sku":null,"_seopress_pro_rich_snippets_product_sku_cf":null,"_seopress_pro_rich_snippets_product_sku_tax":null,"_seopress_pro_rich_snippets_product_global_ids":null,"_seopress_pro_rich_snippets_product_global_ids_cf":null,"_seopress_pro_rich_snippets_product_global_ids_tax":null,"_seopress_pro_rich_snippets_product_global_ids_value":null,"_seopress_pro_rich_snippets_product_global_ids_value_cf":null,"_seopress_pro_rich_snippets_product_global_ids_value_tax":null,"_seopress_pro_rich_snippets_product_brand":null,"_seopress_pro_rich_snippets_product_brand_cf":null,"_seopress_pro_rich_snippets_product_brand_tax":null,"_seopress_pro_rich_snippets_product_brand_manual_global":null,"_seopress_pro_rich_snippets_product_price_currency":null,"_seopress_pro_rich_snippets_product_price_currency_cf":null,"_seopress_pro_rich_snippets_product_price_currency_tax":null,"_seopress_pro_rich_snippets_product_price_currency_manual_global":null,"_seopress_pro_rich_snippets_product_condition":null,"_seopress_pro_rich_snippets_product_condition_cf":null,"_seopress_pro_rich_snippets_product_condition_tax":null,"_seopress_pro_rich_snippets_product_condition_manual_global":null,"_seopress_pro_rich_snippets_product_availability":null,"_seopress_pro_rich_snippets_product_availability_cf":null,"_seopress_pro_rich_snippets_product_availability_tax":null,"_seopress_pro_rich_snippets_product_availability_manual_global":null,"_seopress_pro_rich_snippets_product_positive_notes_cf":null,"_seopress_pro_rich_snippets_product_positive_notes_tax":null,"_seopress_pro_rich_snippets_product_negative_notes_cf":null,"_seopress_pro_rich_snippets_product_negative_notes_tax":null,"_seopress_pro_rich_snippets_softwareapp_name_cf":null,"_seopress_pro_rich_snippets_softwareapp_name_tax":null,"_seopress_pro_rich_snippets_softwareapp_os_cf":null,"_seopress_pro_rich_snippets_softwareapp_os_tax":null,"_seopress_pro_rich_snippets_softwareapp_cat_cf":null,"_seopress_pro_rich_snippets_softwareapp_cat_tax":null,"_seopress_pro_rich_snippets_softwareapp_price_cf":null,"_seopress_pro_rich_snippets_softwareapp_price_tax":null,"_seopress_pro_rich_snippets_softwareapp_currency_cf":null,"_seopress_pro_rich_snippets_softwareapp_currency_tax":null,"_seopress_pro_rich_snippets_softwareapp_rating_cf":null,"_seopress_pro_rich_snippets_softwareapp_rating_tax":null,"_seopress_pro_rich_snippets_softwareapp_max_rating_cf":null,"_seopress_pro_rich_snippets_softwareapp_max_rating_tax":null,"_seopress_pro_rich_snippets_service_name_cf":null,"_seopress_pro_rich_snippets_service_name_tax":null,"_seopress_pro_rich_snippets_service_type_cf":null,"_seopress_pro_rich_snippets_service_type_tax":null,"_seopress_pro_rich_snippets_service_description_cf":null,"_seopress_pro_rich_snippets_service_description_tax":null,"_seopress_pro_rich_snippets_service_img_cf":null,"_seopress_pro_rich_snippets_service_img_tax":null,"_seopress_pro_rich_snippets_service_area_cf":null,"_seopress_pro_rich_snippets_service_area_tax":null,"_seopress_pro_rich_snippets_service_provider_name_cf":null,"_seopress_pro_rich_snippets_service_provider_name_tax":null,"_seopress_pro_rich_snippets_service_lb_img_cf":null,"_seopress_pro_rich_snippets_service_lb_img_tax":null,"_seopress_pro_rich_snippets_service_provider_mobility_cf":null,"_seopress_pro_rich_snippets_service_provider_mobility_tax":null,"_seopress_pro_rich_snippets_service_slogan_cf":null,"_seopress_pro_rich_snippets_service_slogan_tax":null,"_seopress_pro_rich_snippets_service_street_addr_cf":null,"_seopress_pro_rich_snippets_service_street_addr_tax":null,"_seopress_pro_rich_snippets_service_city_cf":null,"_seopress_pro_rich_snippets_service_city_tax":null,"_seopress_pro_rich_snippets_service_state_cf":null,"_seopress_pro_rich_snippets_service_state_tax":null,"_seopress_pro_rich_snippets_service_pc_cf":null,"_seopress_pro_rich_snippets_service_pc_tax":null,"_seopress_pro_rich_snippets_service_country_cf":null,"_seopress_pro_rich_snippets_service_country_tax":null,"_seopress_pro_rich_snippets_service_lat_cf":null,"_seopress_pro_rich_snippets_service_lat_tax":null,"_seopress_pro_rich_snippets_service_lon_cf":null,"_seopress_pro_rich_snippets_service_lon_tax":null,"_seopress_pro_rich_snippets_service_tel_cf":null,"_seopress_pro_rich_snippets_service_tel_tax":null,"_seopress_pro_rich_snippets_service_price_cf":null,"_seopress_pro_rich_snippets_service_price_tax":null,"_seopress_pro_rich_snippets_review_item_cf":null,"_seopress_pro_rich_snippets_review_item_tax":null,"_seopress_pro_rich_snippets_review_item_type_cf":null,"_seopress_pro_rich_snippets_review_item_type_tax":null,"_seopress_pro_rich_snippets_review_img_cf":null,"_seopress_pro_rich_snippets_review_img_tax":null,"_seopress_pro_rich_snippets_review_rating_cf":null,"_seopress_pro_rich_snippets_review_rating_tax":null,"_seopress_pro_rich_snippets_review_max_rating_cf":null,"_seopress_pro_rich_snippets_review_max_rating_tax":null,"_seopress_pro_rich_snippets_review_body_cf":null,"_seopress_pro_rich_snippets_review_body_tax":null,"_seopress_pro_rich_snippets_custom":null,"_seopress_pro_rich_snippets_custom_manual_custom_global":null,"_seopress_pro_rich_snippets_product_energy_consumption":null,"_seopress_pro_rich_snippets_product_energy_consumption_manual_global":null,"_elementor_edit_mode":null,"_elementor_template_type":null,"_wpml_media_featured":"0","_wpml_media_duplicate":"0","_elementor_version":null,"_elementor_pro_version":null,"_wpml_word_count":"200","_edit_lock":"1772643226:4","_wp_page_template":"default","_elementor_page_settings":null,"_elementor_data":null,"_elementor_page_assets":null,"_wpml_media_has_media":"1","_elementor_css":null,"_elementor_controls_usage":null,"_elementor_conditions":null,"_edit_last":"4","_wp_old_slug":null,"_wpml_location_migration_done":null,"_elementor_screenshot_failed":null,"_seopress_analysis_data":null,"_elementor_template_widget_type":null,"_elementor_global_widget_included_posts":null,"_elementor_popup_display_settings":null,"_last_translation_edit_mode":null,"_top_nav_excluded":null,"_cms_nav_minihome":null,"_elementor_source":null,"_dp_original":null,"_yoast_wpseo_content_score":"90","_yoast_wpseo_estimated-reading-time-minutes":"1","_seopress_titles_desc":"MOOVAIR\u2122 Meridian proposent un rapport qualit\u00e9-prix in\u00e9gal\u00e9 ainsi qu\u2019un fonctionnement ultra-silencieux.","_seopress_titles_title":"MOOVAIR\u2122 Meridian : Meilleure thermopompe 2025","_seopress_redirections_type":"301","_seopress_redirections_logged_status":"both","_seopress_analysis_target_kw":"","_yoast_wpseo_wordproof_timestamp":"","_thumbnail_id":"32205","_seopress_robots_primary_cat":"none","_links":{"self":[{"href":"https:\/\/climatisationpolaire.ca\/en\/wp-json\/wp\/v2\/product\/25347","targetHints":{"allow":["GET"]}}],"collection":[{"href":"https:\/\/climatisationpolaire.ca\/en\/wp-json\/wp\/v2\/product"}],"about":[{"href":"https:\/\/climatisationpolaire.ca\/en\/wp-json\/wp\/v2\/types\/product"}],"wp:featuredmedia":[{"embeddable":true,"href":"https:\/\/climatisationpolaire.ca\/en\/wp-json\/wp\/v2\/media\/32205"}],"wp:attachment":[{"href":"https:\/\/climatisationpolaire.ca\/en\/wp-json\/wp\/v2\/media?parent=25347"}],"wp:term":[{"taxonomy":"product_brand","embeddable":true,"href":"https:\/\/climatisationpolaire.ca\/en\/wp-json\/wp\/v2\/product_brand?post=25347"},{"taxonomy":"product_cat","embeddable":true,"href":"https:\/\/climatisationpolaire.ca\/en\/wp-json\/wp\/v2\/product_cat?post=25347"},{"taxonomy":"product_tag","embeddable":true,"href":"https:\/\/climatisationpolaire.ca\/en\/wp-json\/wp\/v2\/product_tag?post=25347"}],"curies":[{"name":"wp","href":"https:\/\/api.w.org\/{rel}","templated":true}]}}